{"id":5943,"date":"2024-07-12T12:17:31","date_gmt":"2024-07-12T11:17:31","guid":{"rendered":"https:\/\/www.kreativsuechtig.de\/wordpress\/?page_id=5943"},"modified":"2024-07-12T12:18:31","modified_gmt":"2024-07-12T11:18:31","slug":"shop","status":"publish","type":"page","link":"https:\/\/www.kreativsuechtig.de\/wordpress\/shop\/","title":{"rendered":"Shop"},"content":{"rendered":"\n<p class=\"has-text-align-center\"><a href=\"https:\/\/kreativsuechtig.shop.copecart.com\" target=\"_blank\" rel=\"noreferrer noopener\">Onlineworkshops als Einzelkurse,<\/a><\/p>\n\n\n\n<p class=\"has-text-align-center\"><a href=\"https:\/\/kreativsuechtig.shop.copecart.com\" target=\"_blank\" rel=\"noreferrer noopener\">Cut File Bundles zum Scrappen, <\/a><\/p>\n\n\n\n<p class=\"has-text-align-center\"><a href=\"https:\/\/kreativsuechtig.shop.copecart.com\" target=\"_blank\" rel=\"noreferrer noopener\">das Magazin <\/a><\/p>\n\n\n\n<p class=\"has-text-align-center\"><a href=\"https:\/\/kreativsuechtig.shop.copecart.com\" target=\"_blank\" rel=\"noreferrer noopener\">und nat\u00fcrlich auch die Kreativs\u00fcchtig Stempel findet Ihr in meinem Shop.<\/a><\/p>\n\n\n\n<p><\/p>\n","protected":false},"excerpt":{"rendered":"<p>Onlineworkshops als Einzelkurse, Cut File Bundles zum Scrappen, das Magazin und nat\u00fcrlich auch die Kreativs\u00fcchtig Stempel findet Ihr in meinem Shop.<\/p>\n","protected":false},"author":4,"featured_media":0,"parent":0,"menu_order":0,"comment_status":"closed","ping_status":"closed","template":"","meta":{"advanced_seo_description":"","jetpack_seo_html_title":"","jetpack_seo_noindex":false,"jetpack_post_was_ever_published":false,"footnotes":""},"class_list":["post-5943","page","type-page","status-publish","hentry"],"jetpack_sharing_enabled":true,"jetpack_shortlink":"https:\/\/wp.me\/P8N8p9-1xR","jetpack-related-posts":[{"id":2413,"url":"https:\/\/www.kreativsuechtig.de\/wordpress\/cultfiles\/","url_meta":{"origin":5943,"position":0},"title":"Cut Files","author":"Mel","date":"2. Oktober 2019","format":false,"excerpt":"Hier findet Ihr eine Sammlung Cut Files zum Verscrappen und Spa\u00df haben zum Download for free. Und wenn Ihr Lust auf mehr habt, schaut doch auch mal im Shop vorbei - da findet Ihr coole deutschsprachige Spr\u00fcche f\u00fcr Eure Layouts! Und weil Machen ja zusammen noch viel mehr Spa\u00df macht,\u2026","rel":"","context":"\u00c4hnlicher Beitrag","block_context":{"text":"\u00c4hnlicher Beitrag","link":""},"img":{"alt_text":"Printables und Cutfiles free","src":"https:\/\/i0.wp.com\/www.kreativsuechtig.de\/wordpress\/wp-content\/uploads\/2019\/10\/Magazin_5_Freebies.jpg?resize=350%2C200&ssl=1","width":350,"height":200,"srcset":"https:\/\/i0.wp.com\/www.kreativsuechtig.de\/wordpress\/wp-content\/uploads\/2019\/10\/Magazin_5_Freebies.jpg?resize=350%2C200&ssl=1 1x, https:\/\/i0.wp.com\/www.kreativsuechtig.de\/wordpress\/wp-content\/uploads\/2019\/10\/Magazin_5_Freebies.jpg?resize=525%2C300&ssl=1 1.5x, https:\/\/i0.wp.com\/www.kreativsuechtig.de\/wordpress\/wp-content\/uploads\/2019\/10\/Magazin_5_Freebies.jpg?resize=700%2C400&ssl=1 2x, https:\/\/i0.wp.com\/www.kreativsuechtig.de\/wordpress\/wp-content\/uploads\/2019\/10\/Magazin_5_Freebies.jpg?resize=1050%2C600&ssl=1 3x, https:\/\/i0.wp.com\/www.kreativsuechtig.de\/wordpress\/wp-content\/uploads\/2019\/10\/Magazin_5_Freebies.jpg?resize=1400%2C800&ssl=1 4x"},"classes":[]},{"id":1706,"url":"https:\/\/www.kreativsuechtig.de\/wordpress\/magazin\/","url_meta":{"origin":5943,"position":1},"title":"Magazin","author":"Mel","date":"27. September 2017","format":false,"excerpt":"Machen macht gl\u00fccklich! Und zusammen macht Machen noch gl\u00fccklicher. Denn was gibt es Sch\u00f6neres, als gemeinsam mit tollen Menschen seiner Lieblingsbesch\u00e4ftigung nachzugehen? Wenn Ideen sich gegenseitig befl\u00fcgeln und die Zeit wie im Flug vergeht... so sollte es auch beim Lesen des Kreativs\u00fcchtig Magazins sein. Die erste Ausgabe ist nun schon\u2026","rel":"","context":"\u00c4hnlicher Beitrag","block_context":{"text":"\u00c4hnlicher Beitrag","link":""},"img":{"alt_text":"","src":"https:\/\/i0.wp.com\/www.kreativsuechtig.de\/wordpress\/wp-content\/uploads\/2023\/06\/Mag11-Cover-495x700.jpg?resize=350%2C200&ssl=1","width":350,"height":200},"classes":[]},{"id":299,"url":"https:\/\/www.kreativsuechtig.de\/wordpress\/workshops-2\/","url_meta":{"origin":5943,"position":2},"title":"Workshops &#038; Termine","author":"Mel","date":"14. Dezember 2014","format":false,"excerpt":"* Die aktuellen Termine f\u00fcr Live-Workshops findet Ihr unten. * Onlineworkshops Minialben - f\u00fcr mich sind sie so viel mehr als nur kleine Fotob\u00fccher! Es sind kleine Kunstwerke, die die Geschichten unseres Lebens erz\u00e4hlen und nicht nur Platz f\u00fcr die gro\u00dfen Momente bieten, sondern die liebenswerten Kleinigkeiten, den Alltag und\u2026","rel":"","context":"\u00c4hnlicher Beitrag","block_context":{"text":"\u00c4hnlicher Beitrag","link":""},"img":{"alt_text":"","src":"https:\/\/i0.wp.com\/www.kreativsuechtig.de\/wordpress\/wp-content\/uploads\/2025\/12\/Workshops2026.png?resize=350%2C200&ssl=1","width":350,"height":200,"srcset":"https:\/\/i0.wp.com\/www.kreativsuechtig.de\/wordpress\/wp-content\/uploads\/2025\/12\/Workshops2026.png?resize=350%2C200&ssl=1 1x, https:\/\/i0.wp.com\/www.kreativsuechtig.de\/wordpress\/wp-content\/uploads\/2025\/12\/Workshops2026.png?resize=525%2C300&ssl=1 1.5x, https:\/\/i0.wp.com\/www.kreativsuechtig.de\/wordpress\/wp-content\/uploads\/2025\/12\/Workshops2026.png?resize=700%2C400&ssl=1 2x, https:\/\/i0.wp.com\/www.kreativsuechtig.de\/wordpress\/wp-content\/uploads\/2025\/12\/Workshops2026.png?resize=1050%2C600&ssl=1 3x"},"classes":[]},{"id":276,"url":"https:\/\/www.kreativsuechtig.de\/wordpress\/datenschutz-disclaimer\/","url_meta":{"origin":5943,"position":3},"title":"Datenschutz \/ Disclaimer","author":"Jenny","date":"14. Dezember 2014","format":false,"excerpt":"Datenschutzerkl\u00e4rung Diese Datenschutzerkl\u00e4rung kl\u00e4rt Sie \u00fcber die Art, den Umfang und Zweck der Verarbeitung von personenbezogenen Daten (nachfolgend kurz \u201eDaten\u201c) innerhalb unseres Onlineangebotes und der mit ihm verbundenen Webseiten, Funktionen und Inhalte sowie externen Onlinepr\u00e4senzen, wie z.B. unser Social Media Profile auf (nachfolgend gemeinsam bezeichnet als \u201eOnlineangebot\u201c). Im Hinblick auf\u2026","rel":"","context":"\u00c4hnlicher Beitrag","block_context":{"text":"\u00c4hnlicher Beitrag","link":""},"img":{"alt_text":"","src":"","width":0,"height":0},"classes":[]}],"_links":{"self":[{"href":"https:\/\/www.kreativsuechtig.de\/wordpress\/wp-json\/wp\/v2\/pages\/5943","targetHints":{"allow":["GET"]}}],"collection":[{"href":"https:\/\/www.kreativsuechtig.de\/wordpress\/wp-json\/wp\/v2\/pages"}],"about":[{"href":"https:\/\/www.kreativsuechtig.de\/wordpress\/wp-json\/wp\/v2\/types\/page"}],"author":[{"embeddable":true,"href":"https:\/\/www.kreativsuechtig.de\/wordpress\/wp-json\/wp\/v2\/users\/4"}],"replies":[{"embeddable":true,"href":"https:\/\/www.kreativsuechtig.de\/wordpress\/wp-json\/wp\/v2\/comments?post=5943"}],"version-history":[{"count":2,"href":"https:\/\/www.kreativsuechtig.de\/wordpress\/wp-json\/wp\/v2\/pages\/5943\/revisions"}],"predecessor-version":[{"id":5945,"href":"https:\/\/www.kreativsuechtig.de\/wordpress\/wp-json\/wp\/v2\/pages\/5943\/revisions\/5945"}],"wp:attachment":[{"href":"https:\/\/www.kreativsuechtig.de\/wordpress\/wp-json\/wp\/v2\/media?parent=5943"}],"curies":[{"name":"wp","href":"https:\/\/api.w.org\/{rel}","templated":true}]}}