{"id":5246,"date":"2023-03-21T19:08:10","date_gmt":"2023-03-21T18:08:10","guid":{"rendered":"https:\/\/www.kreativsuechtig.de\/wordpress\/?page_id=5246"},"modified":"2023-05-15T18:09:04","modified_gmt":"2023-05-15T17:09:04","slug":"freebies","status":"publish","type":"page","link":"https:\/\/www.kreativsuechtig.de\/wordpress\/freebies\/","title":{"rendered":"Freebies"},"content":{"rendered":"\n<p>Hier findet Ihr die Downloads zum Magazin und ein paar Printables und Schnittmuster aus vergangenen Beitr\u00e4gen gesammelt an einer Stelle. Cutfiles findet Ihr auf einer eigenen Seite. <strong>Bitte beachtet, dass die Verwendung ausschlie\u00dflich f\u00fcr den privaten Gebrauch gestattet ist.<\/strong> &lt;3<\/p>\n\n\n\n<p>Da Google bei einigen \u00e4lteren Dateien die Zugriffsrechte ge\u00e4ndert hat, k\u00f6nnte es sein, dass es mal hakt. Schickt mir einfach eine Nachricht, dann k\u00fcmmere ich mich darum.<\/p>\n\n\n\n<p><\/p>\n\n\n\n<p><strong>e-Mark:<\/strong><\/p>\n\n\n\n<p><a rel=\"noopener\" href=\"https:\/\/drive.google.com\/drive\/folders\/1e270A6qmxeK-4zg0VdVL4NJEAMvpBxap?usp=sharing\" target=\"_blank\">Hintergr\u00fcnde und Spr\u00fcche<\/a><\/p>\n\n\n\n<p><a href=\"https:\/\/drive.google.com\/drive\/folders\/1Izci_BPkDwV-nxyAmaLEXovb41fmXOKU?usp=sharing\" target=\"_blank\" rel=\"noreferrer noopener\">Watercolor Hintergr\u00fcnde<\/a><\/p>\n\n\n\n<p><a href=\"https:\/\/drive.google.com\/drive\/folders\/122E0SMNVawgUDoipJi6bwub3BrqkIjep?usp=sharing\" target=\"_blank\" rel=\"noreferrer noopener\">Ostergr\u00fc\u00dfe<\/a><\/p>\n\n\n\n<p><\/p>\n\n\n\n<p><strong>Anleitungen:<\/strong><\/p>\n\n\n\n<p><a rel=\"noreferrer noopener\" href=\"http:\/\/bit.ly\/3z9ecO9\" target=\"_blank\">Minialbum Osterei<\/a><\/p>\n\n\n\n<p><a href=\"https:\/\/drive.google.com\/drive\/folders\/1ZtPpZxFO1FN09cI0yinB0FF1Z1TJ46g7?usp=share_link\" target=\"_blank\" rel=\"noreferrer noopener\">Zeitgutscheine<\/a><\/p>\n\n\n\n<p><\/p>\n\n\n\n<p><strong>Freebies zum Magazin:<\/strong><\/p>\n\n\n\n<p><a href=\"https:\/\/drive.google.com\/open?id=1qZdlZr4rE5vSJtlEiOV-sjN532gDccsY\" target=\"_blank\" rel=\"noopener\">Magazin 4 &#8211; Plannersticker<\/a><\/p>\n\n\n\n<p><a href=\"https:\/\/drive.google.com\/open?id=1MvZoKo9JsvlppLeA1uedFOtqQxaUfqdR\" target=\"_blank\" rel=\"noopener\">Magazin 5 &#8211; Cutfiles und weihnachtliche Printables<\/a><\/p>\n\n\n\n<p><a href=\"https:\/\/drive.google.com\/drive\/folders\/1H7lDves18x7zjQxqEYwHrwZeNcjDevod?usp=sharing\" target=\"_blank\" rel=\"noopener\">Magazin 8 &#8211; 8-Eck-Album von Melanie Wensky<\/a><\/p>\n\n\n\n<p><a rel=\"noopener\" href=\"https:\/\/drive.google.com\/drive\/folders\/1jBusWxmyCc-5ESdQsGz4tSaHVvu8mTqb?usp=sharing\" target=\"_blank\">Magazin 10 &#8211; Einkaufsliste<\/a><\/p>\n\n\n\n<p><\/p>\n\n\n\n<p><strong>Planner Printables:<\/strong><\/p>\n\n\n\n<p><a href=\"https:\/\/drive.google.com\/open?id=0B7IjtKT0V9_sVE9Ra29LM21wSk0\" target=\"_blank\" rel=\"noopener\">Dezemberplaner A5<\/a><\/p>\n\n\n\n<p><a href=\"https:\/\/drive.google.com\/drive\/folders\/0B7IjtKT0V9_sYTFPTjNYTmxQYVk?usp=sharing\" target=\"_blank\" rel=\"noopener\">Adresseinleger A5<\/a><\/p>\n\n\n\n<p><a href=\"https:\/\/drive.google.com\/file\/d\/0B7IjtKT0V9_sUEFhX1lzNS01T0U\/view?usp=sharing\" target=\"_blank\" rel=\"noopener\">Wocheneinleger A5<\/a><\/p>\n\n\n\n<p><a href=\"https:\/\/drive.google.com\/file\/d\/0B7IjtKT0V9_sUEFhX1lzNS01T0U\/view?usp=sharing&amp;resourcekey=0-rd5TS-Z1wwF8w12ChIqNKw\">Wocheneinleger mit Notizen A5<\/a><\/p>\n\n\n\n<p><a href=\"https:\/\/drive.google.com\/drive\/folders\/0B7IjtKT0V9_saFVIVmVULWRJTjg?usp=sharing\" target=\"_blank\" rel=\"noopener\">Geburtstagskalender A5<\/a><\/p>\n\n\n\n<p><a href=\"https:\/\/drive.google.com\/file\/d\/0B7IjtKT0V9_sZksxaG5EQVM3NlE\/view?usp=sharing\" target=\"_blank\" rel=\"noopener\">To do Liste A5<\/a><\/p>\n\n\n\n<p><a href=\"https:\/\/drive.google.com\/file\/d\/0B7IjtKT0V9_sWjlpeU13emJ5Z1k\/view?usp=sharing\" target=\"_blank\" rel=\"noopener\">Einkaufsliste A5<\/a><\/p>\n\n\n\n<p><a rel=\"noopener\" href=\"https:\/\/drive.google.com\/drive\/folders\/0B7IjtKT0V9_sY0tlWUdTMW5HQjA?usp=sharing\" target=\"_blank\">Stundenplan A5<\/a><\/p>\n\n\n\n<p><\/p>\n\n\n\n<p><strong>Schnittmuster \/ Vorlagen:<\/strong><\/p>\n\n\n\n<p><a href=\"https:\/\/drive.google.com\/file\/d\/0B7IjtKT0V9_sU0tNZ3NVWWxCZ28\/view?usp=sharing&amp;resourcekey=0-kMyLoydyWP0a3x_bvVw_9w\" target=\"_blank\" rel=\"noopener\">Adventskalender in der Dose&nbsp;<\/a>(zur Anleitung <a href=\"https:\/\/www.kreativsuechtig.de\/wordpress\/adventskalender-in-der-dose\/\" target=\"_blank\" rel=\"noopener\">hier entlang<\/a>)<\/p>\n\n\n\n<p><a href=\"https:\/\/drive.google.com\/open?id=0B7IjtKT0V9_sTFFmYXlyWVdqc2s\" target=\"_blank\" rel=\"noopener\">Mini Adventskalender Zahlen<\/a><\/p>\n\n\n\n<p><a href=\"https:\/\/drive.google.com\/open?id=0B7IjtKT0V9_sZi1JMmM0SDN3VDA\" target=\"_blank\" rel=\"noopener\">Adventskalender Zahlen mit Stern<\/a><\/p>\n\n\n\n<p><a rel=\"noopener\" href=\"https:\/\/drive.google.com\/open?id=0B7IjtKT0V9_sUnIzazYyV2Nqamc\" target=\"_blank\">Halloween Sarg Box<\/a><\/p>\n\n\n\n<p><\/p>\n","protected":false},"excerpt":{"rendered":"<p>Hier findet Ihr die Downloads zum Magazin und ein paar Printables und Schnittmuster aus vergangenen Beitr\u00e4gen gesammelt an einer Stelle. Cutfiles findet Ihr auf einer eigenen Seite. Bitte beachtet, dass die Verwendung ausschlie\u00dflich f\u00fcr den privaten Gebrauch gestattet ist. &lt;3 Da Google bei einigen \u00e4lteren Dateien die Zugriffsrechte ge\u00e4ndert hat, k\u00f6nnte es sein, dass es [&hellip;]<\/p>\n","protected":false},"author":4,"featured_media":0,"parent":0,"menu_order":0,"comment_status":"closed","ping_status":"closed","template":"","meta":{"advanced_seo_description":"","jetpack_seo_html_title":"","jetpack_seo_noindex":false,"jetpack_post_was_ever_published":false,"footnotes":""},"class_list":["post-5246","page","type-page","status-publish","hentry"],"jetpack_sharing_enabled":true,"jetpack_shortlink":"https:\/\/wp.me\/P8N8p9-1mC","jetpack-related-posts":[{"id":2413,"url":"https:\/\/www.kreativsuechtig.de\/wordpress\/cultfiles\/","url_meta":{"origin":5246,"position":0},"title":"Cut Files","author":"Mel","date":"2. Oktober 2019","format":false,"excerpt":"Hier findet Ihr eine Sammlung Cut Files zum Verscrappen und Spa\u00df haben zum Download for free. Und wenn Ihr Lust auf mehr habt, schaut doch auch mal im Shop vorbei - da findet Ihr coole deutschsprachige Spr\u00fcche f\u00fcr Eure Layouts! Und weil Machen ja zusammen noch viel mehr Spa\u00df macht,\u2026","rel":"","context":"\u00c4hnlicher Beitrag","block_context":{"text":"\u00c4hnlicher Beitrag","link":""},"img":{"alt_text":"Printables und Cutfiles free","src":"https:\/\/i0.wp.com\/www.kreativsuechtig.de\/wordpress\/wp-content\/uploads\/2019\/10\/Magazin_5_Freebies.jpg?resize=350%2C200&ssl=1","width":350,"height":200,"srcset":"https:\/\/i0.wp.com\/www.kreativsuechtig.de\/wordpress\/wp-content\/uploads\/2019\/10\/Magazin_5_Freebies.jpg?resize=350%2C200&ssl=1 1x, https:\/\/i0.wp.com\/www.kreativsuechtig.de\/wordpress\/wp-content\/uploads\/2019\/10\/Magazin_5_Freebies.jpg?resize=525%2C300&ssl=1 1.5x, https:\/\/i0.wp.com\/www.kreativsuechtig.de\/wordpress\/wp-content\/uploads\/2019\/10\/Magazin_5_Freebies.jpg?resize=700%2C400&ssl=1 2x, https:\/\/i0.wp.com\/www.kreativsuechtig.de\/wordpress\/wp-content\/uploads\/2019\/10\/Magazin_5_Freebies.jpg?resize=1050%2C600&ssl=1 3x, https:\/\/i0.wp.com\/www.kreativsuechtig.de\/wordpress\/wp-content\/uploads\/2019\/10\/Magazin_5_Freebies.jpg?resize=1400%2C800&ssl=1 4x"},"classes":[]},{"id":5943,"url":"https:\/\/www.kreativsuechtig.de\/wordpress\/shop\/","url_meta":{"origin":5246,"position":1},"title":"Shop","author":"Mel","date":"12. Juli 2024","format":false,"excerpt":"Onlineworkshops als Einzelkurse, Cut File Bundles zum Scrappen, das Magazin und nat\u00fcrlich auch die Kreativs\u00fcchtig Stempel findet Ihr in meinem Shop.","rel":"","context":"\u00c4hnlicher Beitrag","block_context":{"text":"\u00c4hnlicher Beitrag","link":""},"img":{"alt_text":"","src":"","width":0,"height":0},"classes":[]},{"id":299,"url":"https:\/\/www.kreativsuechtig.de\/wordpress\/workshops-2\/","url_meta":{"origin":5246,"position":2},"title":"Workshops &#038; Termine","author":"Mel","date":"14. Dezember 2014","format":false,"excerpt":"* Die aktuellen Termine f\u00fcr Live-Workshops findet Ihr unten. * Onlineworkshops Minialben - f\u00fcr mich sind sie so viel mehr als nur kleine Fotob\u00fccher! Es sind kleine Kunstwerke, die die Geschichten unseres Lebens erz\u00e4hlen und nicht nur Platz f\u00fcr die gro\u00dfen Momente bieten, sondern die liebenswerten Kleinigkeiten, den Alltag und\u2026","rel":"","context":"\u00c4hnlicher Beitrag","block_context":{"text":"\u00c4hnlicher Beitrag","link":""},"img":{"alt_text":"","src":"https:\/\/i0.wp.com\/www.kreativsuechtig.de\/wordpress\/wp-content\/uploads\/2025\/12\/Workshops2026.png?resize=350%2C200&ssl=1","width":350,"height":200,"srcset":"https:\/\/i0.wp.com\/www.kreativsuechtig.de\/wordpress\/wp-content\/uploads\/2025\/12\/Workshops2026.png?resize=350%2C200&ssl=1 1x, https:\/\/i0.wp.com\/www.kreativsuechtig.de\/wordpress\/wp-content\/uploads\/2025\/12\/Workshops2026.png?resize=525%2C300&ssl=1 1.5x, https:\/\/i0.wp.com\/www.kreativsuechtig.de\/wordpress\/wp-content\/uploads\/2025\/12\/Workshops2026.png?resize=700%2C400&ssl=1 2x, https:\/\/i0.wp.com\/www.kreativsuechtig.de\/wordpress\/wp-content\/uploads\/2025\/12\/Workshops2026.png?resize=1050%2C600&ssl=1 3x"},"classes":[]},{"id":3216,"url":"https:\/\/www.kreativsuechtig.de\/wordpress\/cricut-liebe\/","url_meta":{"origin":5246,"position":3},"title":"Cricut-Liebe","author":"Mel","date":"27. Dezember 2020","format":false,"excerpt":"Werbung - aus \u00dcberzeugung Als ich 2006 (also neulich...) das erste Mal mitbekam, da\u00df es so etwas wie einen Hobbyplotter gibt - Plotter waren f\u00fcr mich vorher nur diese Unget\u00fcme, die irgendwelche riesengro\u00dfen Dinge wie technische Pl\u00e4ne und \u00c4hnliches malen konnten - hatte ich direkt Blut geleckt! Oh meine G\u00fcte,\u2026","rel":"","context":"\u00c4hnlicher Beitrag","block_context":{"text":"\u00c4hnlicher Beitrag","link":""},"img":{"alt_text":"Cricut Expression","src":"https:\/\/i0.wp.com\/www.kreativsuechtig.de\/wordpress\/wp-content\/uploads\/2020\/12\/MG_4767-700x467.jpg?resize=350%2C200&ssl=1","width":350,"height":200,"srcset":"https:\/\/i0.wp.com\/www.kreativsuechtig.de\/wordpress\/wp-content\/uploads\/2020\/12\/MG_4767-700x467.jpg?resize=350%2C200&ssl=1 1x, https:\/\/i0.wp.com\/www.kreativsuechtig.de\/wordpress\/wp-content\/uploads\/2020\/12\/MG_4767-700x467.jpg?resize=525%2C300&ssl=1 1.5x, https:\/\/i0.wp.com\/www.kreativsuechtig.de\/wordpress\/wp-content\/uploads\/2020\/12\/MG_4767-700x467.jpg?resize=700%2C400&ssl=1 2x"},"classes":[]},{"id":1706,"url":"https:\/\/www.kreativsuechtig.de\/wordpress\/magazin\/","url_meta":{"origin":5246,"position":4},"title":"Magazin","author":"Mel","date":"27. September 2017","format":false,"excerpt":"Machen macht gl\u00fccklich! Und zusammen macht Machen noch gl\u00fccklicher. Denn was gibt es Sch\u00f6neres, als gemeinsam mit tollen Menschen seiner Lieblingsbesch\u00e4ftigung nachzugehen? Wenn Ideen sich gegenseitig befl\u00fcgeln und die Zeit wie im Flug vergeht... so sollte es auch beim Lesen des Kreativs\u00fcchtig Magazins sein. Die erste Ausgabe ist nun schon\u2026","rel":"","context":"\u00c4hnlicher Beitrag","block_context":{"text":"\u00c4hnlicher Beitrag","link":""},"img":{"alt_text":"","src":"https:\/\/i0.wp.com\/www.kreativsuechtig.de\/wordpress\/wp-content\/uploads\/2023\/06\/Mag11-Cover-495x700.jpg?resize=350%2C200&ssl=1","width":350,"height":200},"classes":[]},{"id":276,"url":"https:\/\/www.kreativsuechtig.de\/wordpress\/datenschutz-disclaimer\/","url_meta":{"origin":5246,"position":5},"title":"Datenschutz \/ Disclaimer","author":"Jenny","date":"14. Dezember 2014","format":false,"excerpt":"Datenschutzerkl\u00e4rung Diese Datenschutzerkl\u00e4rung kl\u00e4rt Sie \u00fcber die Art, den Umfang und Zweck der Verarbeitung von personenbezogenen Daten (nachfolgend kurz \u201eDaten\u201c) innerhalb unseres Onlineangebotes und der mit ihm verbundenen Webseiten, Funktionen und Inhalte sowie externen Onlinepr\u00e4senzen, wie z.B. unser Social Media Profile auf (nachfolgend gemeinsam bezeichnet als \u201eOnlineangebot\u201c). Im Hinblick auf\u2026","rel":"","context":"\u00c4hnlicher Beitrag","block_context":{"text":"\u00c4hnlicher Beitrag","link":""},"img":{"alt_text":"","src":"","width":0,"height":0},"classes":[]}],"_links":{"self":[{"href":"https:\/\/www.kreativsuechtig.de\/wordpress\/wp-json\/wp\/v2\/pages\/5246","targetHints":{"allow":["GET"]}}],"collection":[{"href":"https:\/\/www.kreativsuechtig.de\/wordpress\/wp-json\/wp\/v2\/pages"}],"about":[{"href":"https:\/\/www.kreativsuechtig.de\/wordpress\/wp-json\/wp\/v2\/types\/page"}],"author":[{"embeddable":true,"href":"https:\/\/www.kreativsuechtig.de\/wordpress\/wp-json\/wp\/v2\/users\/4"}],"replies":[{"embeddable":true,"href":"https:\/\/www.kreativsuechtig.de\/wordpress\/wp-json\/wp\/v2\/comments?post=5246"}],"version-history":[{"count":4,"href":"https:\/\/www.kreativsuechtig.de\/wordpress\/wp-json\/wp\/v2\/pages\/5246\/revisions"}],"predecessor-version":[{"id":5329,"href":"https:\/\/www.kreativsuechtig.de\/wordpress\/wp-json\/wp\/v2\/pages\/5246\/revisions\/5329"}],"wp:attachment":[{"href":"https:\/\/www.kreativsuechtig.de\/wordpress\/wp-json\/wp\/v2\/media?parent=5246"}],"curies":[{"name":"wp","href":"https:\/\/api.w.org\/{rel}","templated":true}]}}