{"id":299,"date":"2014-12-14T15:23:19","date_gmt":"2014-12-14T13:23:19","guid":{"rendered":"http:\/\/www.die-hochzeitsmanager.de\/wordpress\/?page_id=299"},"modified":"2026-02-25T08:32:14","modified_gmt":"2026-02-25T07:32:14","slug":"workshops-2","status":"publish","type":"page","link":"https:\/\/www.kreativsuechtig.de\/wordpress\/workshops-2\/","title":{"rendered":"Workshops &#038; Termine"},"content":{"rendered":"\n<p><em>* Die aktuellen Termine f\u00fcr Live-Workshops findet Ihr unten. *<\/em><\/p>\n\n\n\n<p><strong>Onlineworkshops<\/strong><\/p>\n\n\n\n<p>Minialben &#8211; f\u00fcr mich sind sie so viel mehr als nur kleine Fotob\u00fccher! Es sind kleine Kunstwerke, die die Geschichten unseres Lebens erz\u00e4hlen und nicht nur Platz f\u00fcr die gro\u00dfen Momente bieten, sondern die liebenswerten Kleinigkeiten, den Alltag und das Echte f\u00fcr uns bewahren.<\/p>\n\n\n\n<p>Es gibt so viele tolle Techniken und Spielarten, so viel zu entdecken und zu lernen. Ich selbst bin bei meiner Minialbum-Reise noch lange nicht am Ende und freue mich, wenn Ihr mich ein St\u00fcck weit dabei begleitet.<\/p>\n\n\n\n<p>Da durch die Corona Pandemie die M\u00f6glichkeiten f\u00fcr Treffen und Live-Kurse extrem stark eingeschr\u00e4nkt waren, habe ich im Januar 2021 begonnen, f\u00fcr Mitglieder exklusiven Workshop-Content online zu erstellen. Jeden Monat zeige ich Euch seitdem in einem neuen Projekt Tipps und Tricks mit einer detaillierten Anleitung, damit Ihr Eure eigenen Minis zum Leben erwecken k\u00f6nnt!<\/p>\n\n\n\n<p>Wenn auch Du Lust auf eine monatliche kreative Inspiration hast, kannst Du \u00fcber <a href=\"https:\/\/steady.page\/de\/kreativsuechtig\/about\" target=\"_blank\" rel=\"noreferrer noopener\">meine Seite bei Steady<\/a> das Workshop-Abo abschlie\u00dfen.<\/p>\n\n\n\n<p>Dort hast Du die M\u00f6glichkeit, monatlich teilzunehmen oder sogar eine Jahresmitgliedschaft zu bekommen. Ganz flexibel, so wie es f\u00fcr Dich am besten passt. Und Du kommst daf\u00fcr nicht nur als erstes in den Genuss einer umfangreichen Anleitung zum g\u00fcnstigsten Preis, die sowohl als bebildertes PDF, als auch als Schritt-f\u00fcr-Schritt-Video f\u00fcr Dich zur Verf\u00fcgung steht &#8211; Du unterst\u00fctzt damit mein kleines Business und gibst mir die M\u00f6glichkeit weiterhin meine kreativen Herzensprojekte umzusetzen. Wenn das nicht win-win ist?<\/p>\n\n\n\n<p><\/p>\n\n\n\n<p><strong>INSERT_STEADY_CHECKOUT_HERE<\/strong><\/p>\n\n\n\n<p><\/p>\n\n\n\n<p>Die Kurse sind \u00fcbrigens so konzipiert, da\u00df Du sie ohne besonders besonderes Werkzeug und mit eigenen Materialien nacharbeiten kannst. Ich fange also nicht pl\u00f6tzlich an, Kits zu verkaufen&#8230; ;-) Trotzdem bekommst Du nat\u00fcrlich auch immer eine Liste mit den Dingen, die ich verwendet habe, wenn Du 1 zu 1 nacharbeiten magst, mit H\u00e4ndlerangabe.<\/p>\n\n\n\n<p>Solltest Du Interesse an den \u00e4lteren Kursen haben, schau doch einfach mal <a href=\"https:\/\/kreativsuechtig.shop.copecart.com\" target=\"_blank\" rel=\"noreferrer noopener\">in meinem Shop bei CopeCart<\/a> vorbei &#8211; dort findest Du \u00fcbrigens auch <a href=\"https:\/\/www.kreativsuechtig.de\/wordpress\/kreativsuechtig-magazin-11\/\" data-type=\"post\" data-id=\"5342\" target=\"_blank\" rel=\"noreferrer noopener\">das Kreativs\u00fcchtig Magazin<\/a>, Cutfiles, Eigendesign Stempel im Kreativs\u00fcchtig-Stil und auch Scrapbooking Layout- und Minialbum Sonder-Workshops. Oder schreib mir gerne jederzeit eine Mail an workshops@kreativs\u00fcchtig.de &#8211; das gilt nat\u00fcrlich auch, wenn Du allgemein Fragen haben solltest. Und wenn Du Dir die verschiedenen Projekte noch einmal genauer anschauen m\u00f6chtet, einfach hier auf dieser Seite bei den Suchw\u00f6rtern auf &#8222;Online Workshops&#8220; klicken, dann findest Du die Beitr\u00e4ge alle auf einen Blick.<\/p>\n\n\n\n<p>Es gibt \u00fcbrigens auch einen sehr umfangreichen Kurs f\u00fcr Anf\u00e4nger. Und mit Anf\u00e4nger meine ich hier wirklich Anf\u00e4nger. Wer neugierig ist, <a href=\"https:\/\/www.kreativsuechtig.de\/wordpress\/minialben-fuer-anfaenger\/\" target=\"_blank\" rel=\"noreferrer noopener\">schaut gerne mal in diesen Beitrag<\/a>, da habe ich das ein bi\u00dfchen ausf\u00fchrlicher beschrieben.<\/p>\n\n\n<div class=\"wp-block-image\">\n<figure class=\"aligncenter size-full\"><img loading=\"lazy\" decoding=\"async\" width=\"1080\" height=\"1080\" data-attachment-id=\"6178\" data-permalink=\"https:\/\/www.kreativsuechtig.de\/wordpress\/workshops-2\/workshops2026\/\" data-orig-file=\"https:\/\/www.kreativsuechtig.de\/wordpress\/wp-content\/uploads\/2025\/12\/Workshops2026.png\" data-orig-size=\"1080,1080\" data-comments-opened=\"1\" data-image-meta=\"{&quot;aperture&quot;:&quot;0&quot;,&quot;credit&quot;:&quot;&quot;,&quot;camera&quot;:&quot;&quot;,&quot;caption&quot;:&quot;&quot;,&quot;created_timestamp&quot;:&quot;0&quot;,&quot;copyright&quot;:&quot;&quot;,&quot;focal_length&quot;:&quot;0&quot;,&quot;iso&quot;:&quot;0&quot;,&quot;shutter_speed&quot;:&quot;0&quot;,&quot;title&quot;:&quot;&quot;,&quot;orientation&quot;:&quot;0&quot;}\" data-image-title=\"Workshops2026\" data-image-description=\"\" data-image-caption=\"\" data-medium-file=\"https:\/\/www.kreativsuechtig.de\/wordpress\/wp-content\/uploads\/2025\/12\/Workshops2026-400x400.png\" data-large-file=\"https:\/\/www.kreativsuechtig.de\/wordpress\/wp-content\/uploads\/2025\/12\/Workshops2026-700x700.png\" src=\"https:\/\/www.kreativsuechtig.de\/wordpress\/wp-content\/uploads\/2025\/12\/Workshops2026.png\" alt=\"\" class=\"wp-image-6178\" srcset=\"https:\/\/www.kreativsuechtig.de\/wordpress\/wp-content\/uploads\/2025\/12\/Workshops2026.png 1080w, https:\/\/www.kreativsuechtig.de\/wordpress\/wp-content\/uploads\/2025\/12\/Workshops2026-400x400.png 400w, https:\/\/www.kreativsuechtig.de\/wordpress\/wp-content\/uploads\/2025\/12\/Workshops2026-700x700.png 700w, https:\/\/www.kreativsuechtig.de\/wordpress\/wp-content\/uploads\/2025\/12\/Workshops2026-150x150.png 150w, https:\/\/www.kreativsuechtig.de\/wordpress\/wp-content\/uploads\/2025\/12\/Workshops2026-768x768.png 768w\" sizes=\"auto, (max-width: 1080px) 100vw, 1080px\" \/><\/figure><\/div>\n\n\n<p><\/p>\n\n\n\n<p><strong>Live-Kurse<\/strong><\/p>\n\n\n\n<p>Du hast Lust, live und in Farbe und vor allem mit anderen tollen Leuten, die das gleiche Hobby teilen wie Du, etwas neues zu lernen und Dir etwas me-time zu g\u00f6nnen? Ich w\u00fcrde mich sehr freuen, Dich bei einem der folgenden Kurse begr\u00fc\u00dfen zu k\u00f6nnen:<\/p>\n\n\n\n<p class=\"has-cyan-bluish-gray-color has-text-color has-link-color wp-elements-6c5da5ad5c0c7d23114e2fd94063cc6c\"><\/p>\n\n\n\n<p class=\"has-cyan-bluish-gray-color has-text-color has-link-color wp-elements-9b982ed6c497b73ceb50d34ea8582052\"><s>23. &#8211; 25.01.2026 &#8211; <a href=\"https:\/\/www.instagram.com\/darmstaedter_crop_\/\" target=\"_blank\" rel=\"noreferrer noopener\">Darmst\u00e4dter Crop<\/a><\/s><\/p>\n\n\n\n<p class=\"has-cyan-bluish-gray-color has-text-color has-link-color wp-elements-74e328c8aa088078f4ad4f6f0b66701a\"><s>30.01. &#8211; 01.02.2026 &#8211; Neujahrscrop &#8211; Scrapbooking Wochenende beim <a href=\"https:\/\/www.creative-depot.de\" target=\"_blank\" rel=\"noreferrer noopener\">Creative Depot<\/a> (ausgebucht)<\/s><\/p>\n\n\n\n<p class=\"has-cyan-bluish-gray-color has-text-color has-link-color wp-elements-0bb0476f0e5f2c3659497e96f713e793\"><s>22.02.2026 &#8211; Fr\u00fchst\u00fcck mit Mel &#8211; Zoom Layout Workshop beim <a href=\"https:\/\/www.creative-depot.de\" target=\"_blank\" rel=\"noreferrer noopener\">Creative Depot<\/a><\/s><\/p>\n\n\n\n<p>11.03.2026 &#8211; Mels schnelle Nummer &#8211; Zoom Minialbum Workshop beim <a href=\"https:\/\/www.creative-depot.de\" target=\"_blank\" rel=\"noreferrer noopener\">Creative Depot<\/a><\/p>\n\n\n\n<p>21.03.2026 &#8211; Zoom Tag beim <a href=\"http:\/\/www.creative-depot.de\" target=\"_blank\" rel=\"noreferrer noopener\">Creative Depot<\/a><\/p>\n\n\n\n<p>22.03.2026 &#8211; Fr\u00fchst\u00fcck mit Mel &#8211; Zoom Layout Workshop beim<a href=\"https:\/\/www.creative-depot.de\" target=\"_blank\" rel=\"noreferrer noopener\"> Creative Depot<\/a><\/p>\n\n\n\n<p>10. &#8211; 12.04.2026 &#8211; Crop am Schloss &#8211; Kreatives Wochenende in Ludwigsburg vom <a href=\"https:\/\/ssl.stempellaedle.de\/shop\/\" target=\"_blank\" rel=\"noreferrer noopener\">Stempell\u00e4dle<\/a><\/p>\n\n\n\n<p>25.04.2026 &#8211; Minialbum Workshop in Assel beim <a href=\"https:\/\/www.creative-depot.de\" target=\"_blank\" rel=\"noreferrer noopener\">Creative Depot<\/a><\/p>\n\n\n\n<p>26.04.2026 &#8211; Fr\u00fchst\u00fcck mit Mel &#8211; Zoom Layout Workshop beim <a href=\"https:\/\/www.creative-depot.de\" target=\"_blank\" rel=\"noreferrer noopener\">Creative Depot<\/a><\/p>\n\n\n\n<p>31.05.2026 &#8211; Fr\u00fchst\u00fcck mit Mel &#8211; Zoom Layout Workshop beim <a href=\"https:\/\/www.creative-depot.de\" target=\"_blank\" rel=\"noreferrer noopener\">Creative Depot<\/a><\/p>\n\n\n\n<p>10.06.2026 &#8211; Mels schnelle Nummer &#8211; Zoom Minialbum Workshop beim <a href=\"https:\/\/www.creative-depot.de\" target=\"_blank\" rel=\"noreferrer noopener\">Creative Depot<\/a><\/p>\n\n\n\n<p>13.06.2026 &#8211; Minialbum Workshop in Assel beim <a href=\"https:\/\/www.creative-depot.de\" target=\"_blank\" rel=\"noreferrer noopener\">Creative Depot<\/a><\/p>\n\n\n\n<p>28.06.2026 &#8211; Fr\u00fchst\u00fcck mit Mel &#8211; Zoom Layout Workshop beim <a href=\"https:\/\/www.creative-depot.de\" target=\"_blank\" rel=\"noreferrer noopener\">Creative Depot<\/a><\/p>\n\n\n\n<p>28. &#8211; 30.08.2026 &#8211; Sommercrop in Assel beim <a href=\"https:\/\/www.creative-depot.de\" target=\"_blank\" rel=\"noreferrer noopener\">Creative Depot<\/a> (ausgebucht)<\/p>\n\n\n\n<p>23. &#8211; 25.10.2026 &#8211; 10. Crop am Schloss (Infos folgen)<\/p>\n\n\n\n<p>Weitere Termine sind in Planung, also schau gerne regelm\u00e4\u00dfig hier vorbei!<\/p>\n\n\n<div class=\"wp-block-image\">\n<figure class=\"aligncenter\"><img loading=\"lazy\" decoding=\"async\" width=\"482\" height=\"122\" data-attachment-id=\"1307\" data-permalink=\"https:\/\/www.kreativsuechtig.de\/wordpress\/cidm-2017-goodiebag-giveaway\/mel-2\/\" data-orig-file=\"https:\/\/www.kreativsuechtig.de\/wordpress\/wp-content\/uploads\/2017\/05\/Mel.jpg\" data-orig-size=\"482,122\" data-comments-opened=\"1\" data-image-meta=\"{&quot;aperture&quot;:&quot;0&quot;,&quot;credit&quot;:&quot;&quot;,&quot;camera&quot;:&quot;&quot;,&quot;caption&quot;:&quot;&quot;,&quot;created_timestamp&quot;:&quot;0&quot;,&quot;copyright&quot;:&quot;&quot;,&quot;focal_length&quot;:&quot;0&quot;,&quot;iso&quot;:&quot;0&quot;,&quot;shutter_speed&quot;:&quot;0&quot;,&quot;title&quot;:&quot;&quot;,&quot;orientation&quot;:&quot;1&quot;}\" data-image-title=\"Mel\" data-image-description=\"\" data-image-caption=\"\" data-medium-file=\"https:\/\/www.kreativsuechtig.de\/wordpress\/wp-content\/uploads\/2017\/05\/Mel-400x101.jpg\" data-large-file=\"https:\/\/www.kreativsuechtig.de\/wordpress\/wp-content\/uploads\/2017\/05\/Mel.jpg\" src=\"https:\/\/www.kreativsuechtig.de\/wordpress\/wp-content\/uploads\/2017\/05\/Mel.jpg\" alt=\"Kreativs\u00fcchtig\" class=\"wp-image-1307\" srcset=\"https:\/\/www.kreativsuechtig.de\/wordpress\/wp-content\/uploads\/2017\/05\/Mel.jpg 482w, https:\/\/www.kreativsuechtig.de\/wordpress\/wp-content\/uploads\/2017\/05\/Mel-400x101.jpg 400w\" sizes=\"auto, (max-width: 482px) 100vw, 482px\" \/><\/figure><\/div>\n\n\n<p><\/p>\n","protected":false},"excerpt":{"rendered":"<p>* Die aktuellen Termine f\u00fcr Live-Workshops findet Ihr unten. * Onlineworkshops Minialben &#8211; f\u00fcr mich sind sie so viel mehr als nur kleine Fotob\u00fccher! Es sind kleine Kunstwerke, die die Geschichten unseres Lebens erz\u00e4hlen und nicht nur Platz f\u00fcr die gro\u00dfen Momente bieten, sondern die liebenswerten Kleinigkeiten, den Alltag und das Echte f\u00fcr uns bewahren. [&hellip;]<\/p>\n","protected":false},"author":4,"featured_media":0,"parent":0,"menu_order":0,"comment_status":"closed","ping_status":"closed","template":"","meta":{"advanced_seo_description":"","jetpack_seo_html_title":"","jetpack_seo_noindex":false,"jetpack_post_was_ever_published":false,"footnotes":""},"class_list":["post-299","page","type-page","status-publish","hentry"],"jetpack_sharing_enabled":true,"jetpack_shortlink":"https:\/\/wp.me\/P8N8p9-4P","jetpack-related-posts":[{"id":1706,"url":"https:\/\/www.kreativsuechtig.de\/wordpress\/magazin\/","url_meta":{"origin":299,"position":0},"title":"Magazin","author":"Mel","date":"27. September 2017","format":false,"excerpt":"Machen macht gl\u00fccklich! Und zusammen macht Machen noch gl\u00fccklicher. Denn was gibt es Sch\u00f6neres, als gemeinsam mit tollen Menschen seiner Lieblingsbesch\u00e4ftigung nachzugehen? Wenn Ideen sich gegenseitig befl\u00fcgeln und die Zeit wie im Flug vergeht... so sollte es auch beim Lesen des Kreativs\u00fcchtig Magazins sein. Die erste Ausgabe ist nun schon\u2026","rel":"","context":"\u00c4hnlicher Beitrag","block_context":{"text":"\u00c4hnlicher Beitrag","link":""},"img":{"alt_text":"","src":"https:\/\/i0.wp.com\/www.kreativsuechtig.de\/wordpress\/wp-content\/uploads\/2023\/06\/Mag11-Cover-495x700.jpg?resize=350%2C200&ssl=1","width":350,"height":200},"classes":[]},{"id":3216,"url":"https:\/\/www.kreativsuechtig.de\/wordpress\/cricut-liebe\/","url_meta":{"origin":299,"position":1},"title":"Cricut-Liebe","author":"Mel","date":"27. Dezember 2020","format":false,"excerpt":"Werbung - aus \u00dcberzeugung Als ich 2006 (also neulich...) das erste Mal mitbekam, da\u00df es so etwas wie einen Hobbyplotter gibt - Plotter waren f\u00fcr mich vorher nur diese Unget\u00fcme, die irgendwelche riesengro\u00dfen Dinge wie technische Pl\u00e4ne und \u00c4hnliches malen konnten - hatte ich direkt Blut geleckt! Oh meine G\u00fcte,\u2026","rel":"","context":"\u00c4hnlicher Beitrag","block_context":{"text":"\u00c4hnlicher Beitrag","link":""},"img":{"alt_text":"Cricut Expression","src":"https:\/\/i0.wp.com\/www.kreativsuechtig.de\/wordpress\/wp-content\/uploads\/2020\/12\/MG_4767-700x467.jpg?resize=350%2C200&ssl=1","width":350,"height":200,"srcset":"https:\/\/i0.wp.com\/www.kreativsuechtig.de\/wordpress\/wp-content\/uploads\/2020\/12\/MG_4767-700x467.jpg?resize=350%2C200&ssl=1 1x, https:\/\/i0.wp.com\/www.kreativsuechtig.de\/wordpress\/wp-content\/uploads\/2020\/12\/MG_4767-700x467.jpg?resize=525%2C300&ssl=1 1.5x, https:\/\/i0.wp.com\/www.kreativsuechtig.de\/wordpress\/wp-content\/uploads\/2020\/12\/MG_4767-700x467.jpg?resize=700%2C400&ssl=1 2x"},"classes":[]},{"id":2413,"url":"https:\/\/www.kreativsuechtig.de\/wordpress\/cultfiles\/","url_meta":{"origin":299,"position":2},"title":"Cut Files","author":"Mel","date":"2. Oktober 2019","format":false,"excerpt":"Hier findet Ihr eine Sammlung Cut Files zum Verscrappen und Spa\u00df haben zum Download for free. Und wenn Ihr Lust auf mehr habt, schaut doch auch mal im Shop vorbei - da findet Ihr coole deutschsprachige Spr\u00fcche f\u00fcr Eure Layouts! Und weil Machen ja zusammen noch viel mehr Spa\u00df macht,\u2026","rel":"","context":"\u00c4hnlicher Beitrag","block_context":{"text":"\u00c4hnlicher Beitrag","link":""},"img":{"alt_text":"Printables und Cutfiles free","src":"https:\/\/i0.wp.com\/www.kreativsuechtig.de\/wordpress\/wp-content\/uploads\/2019\/10\/Magazin_5_Freebies.jpg?resize=350%2C200&ssl=1","width":350,"height":200,"srcset":"https:\/\/i0.wp.com\/www.kreativsuechtig.de\/wordpress\/wp-content\/uploads\/2019\/10\/Magazin_5_Freebies.jpg?resize=350%2C200&ssl=1 1x, https:\/\/i0.wp.com\/www.kreativsuechtig.de\/wordpress\/wp-content\/uploads\/2019\/10\/Magazin_5_Freebies.jpg?resize=525%2C300&ssl=1 1.5x, https:\/\/i0.wp.com\/www.kreativsuechtig.de\/wordpress\/wp-content\/uploads\/2019\/10\/Magazin_5_Freebies.jpg?resize=700%2C400&ssl=1 2x, https:\/\/i0.wp.com\/www.kreativsuechtig.de\/wordpress\/wp-content\/uploads\/2019\/10\/Magazin_5_Freebies.jpg?resize=1050%2C600&ssl=1 3x, https:\/\/i0.wp.com\/www.kreativsuechtig.de\/wordpress\/wp-content\/uploads\/2019\/10\/Magazin_5_Freebies.jpg?resize=1400%2C800&ssl=1 4x"},"classes":[]},{"id":276,"url":"https:\/\/www.kreativsuechtig.de\/wordpress\/datenschutz-disclaimer\/","url_meta":{"origin":299,"position":3},"title":"Datenschutz \/ Disclaimer","author":"Jenny","date":"14. Dezember 2014","format":false,"excerpt":"Datenschutzerkl\u00e4rung Diese Datenschutzerkl\u00e4rung kl\u00e4rt Sie \u00fcber die Art, den Umfang und Zweck der Verarbeitung von personenbezogenen Daten (nachfolgend kurz \u201eDaten\u201c) innerhalb unseres Onlineangebotes und der mit ihm verbundenen Webseiten, Funktionen und Inhalte sowie externen Onlinepr\u00e4senzen, wie z.B. unser Social Media Profile auf (nachfolgend gemeinsam bezeichnet als \u201eOnlineangebot\u201c). Im Hinblick auf\u2026","rel":"","context":"\u00c4hnlicher Beitrag","block_context":{"text":"\u00c4hnlicher Beitrag","link":""},"img":{"alt_text":"","src":"","width":0,"height":0},"classes":[]},{"id":5246,"url":"https:\/\/www.kreativsuechtig.de\/wordpress\/freebies\/","url_meta":{"origin":299,"position":4},"title":"Freebies","author":"Mel","date":"21. M\u00e4rz 2023","format":false,"excerpt":"Hier findet Ihr die Downloads zum Magazin und ein paar Printables und Schnittmuster aus vergangenen Beitr\u00e4gen gesammelt an einer Stelle. Cutfiles findet Ihr auf einer eigenen Seite. Bitte beachtet, dass die Verwendung ausschlie\u00dflich f\u00fcr den privaten Gebrauch gestattet ist. <3 Da Google bei einigen \u00e4lteren Dateien die Zugriffsrechte ge\u00e4ndert hat,\u2026","rel":"","context":"\u00c4hnlicher Beitrag","block_context":{"text":"\u00c4hnlicher Beitrag","link":""},"img":{"alt_text":"","src":"","width":0,"height":0},"classes":[]},{"id":5943,"url":"https:\/\/www.kreativsuechtig.de\/wordpress\/shop\/","url_meta":{"origin":299,"position":5},"title":"Shop","author":"Mel","date":"12. Juli 2024","format":false,"excerpt":"Onlineworkshops als Einzelkurse, Cut File Bundles zum Scrappen, das Magazin und nat\u00fcrlich auch die Kreativs\u00fcchtig Stempel findet Ihr in meinem Shop.","rel":"","context":"\u00c4hnlicher Beitrag","block_context":{"text":"\u00c4hnlicher Beitrag","link":""},"img":{"alt_text":"","src":"","width":0,"height":0},"classes":[]}],"_links":{"self":[{"href":"https:\/\/www.kreativsuechtig.de\/wordpress\/wp-json\/wp\/v2\/pages\/299","targetHints":{"allow":["GET"]}}],"collection":[{"href":"https:\/\/www.kreativsuechtig.de\/wordpress\/wp-json\/wp\/v2\/pages"}],"about":[{"href":"https:\/\/www.kreativsuechtig.de\/wordpress\/wp-json\/wp\/v2\/types\/page"}],"author":[{"embeddable":true,"href":"https:\/\/www.kreativsuechtig.de\/wordpress\/wp-json\/wp\/v2\/users\/4"}],"replies":[{"embeddable":true,"href":"https:\/\/www.kreativsuechtig.de\/wordpress\/wp-json\/wp\/v2\/comments?post=299"}],"version-history":[{"count":62,"href":"https:\/\/www.kreativsuechtig.de\/wordpress\/wp-json\/wp\/v2\/pages\/299\/revisions"}],"predecessor-version":[{"id":6219,"href":"https:\/\/www.kreativsuechtig.de\/wordpress\/wp-json\/wp\/v2\/pages\/299\/revisions\/6219"}],"wp:attachment":[{"href":"https:\/\/www.kreativsuechtig.de\/wordpress\/wp-json\/wp\/v2\/media?parent=299"}],"curies":[{"name":"wp","href":"https:\/\/api.w.org\/{rel}","templated":true}]}}