{"id":278,"date":"2014-12-14T14:50:56","date_gmt":"2014-12-14T12:50:56","guid":{"rendered":"http:\/\/www.die-hochzeitsmanager.de\/wordpress\/?page_id=278"},"modified":"2018-05-22T10:50:33","modified_gmt":"2018-05-22T09:50:33","slug":"impressum-2","status":"publish","type":"page","link":"https:\/\/www.kreativsuechtig.de\/wordpress\/impressum-2\/","title":{"rendered":"Impressum"},"content":{"rendered":"<h1>Impressum<\/h1>\n<h2>Angaben gem\u00e4\u00df \u00a7 5 TMG:<\/h2>\n<p>Melanie Hoch<br \/>\nKreativs\u00fcchtig Scrapbooking &amp; DIY<br \/>\nHasselbusch 26a<br \/>\n24558 Henstedt-Ulzburg<\/p>\n<h2>Kontakt:<\/h2>\n<p>Telefon: 04193\/7624250<br \/>\nTelefax: 04193\/7624251<br \/>\nE-Mail: info@kreativsuechtig.de<\/p>\n<h2>Streitschlichtung<\/h2>\n<p>Wir sind nicht bereit oder verpflichtet, an Streitbeilegungsverfahren vor einer Verbraucherschlichtungsstelle teilzunehmen.<\/p>\n<p>Quelle: <a href=\"https:\/\/www.e-recht24.de\/impressum-generator.html\">https:\/\/www.e-recht24.de\/impressum- generator.html<\/a><\/p>\n","protected":false},"excerpt":{"rendered":"<p>Impressum Angaben gem\u00e4\u00df \u00a7 5 TMG: Melanie Hoch Kreativs\u00fcchtig Scrapbooking &amp; DIY Hasselbusch 26a 24558 Henstedt-Ulzburg Kontakt: Telefon: 04193\/7624250 Telefax: 04193\/7624251 E-Mail: info@kreativsuechtig.de Streitschlichtung Wir sind nicht bereit oder verpflichtet, an Streitbeilegungsverfahren vor einer Verbraucherschlichtungsstelle teilzunehmen. Quelle: https:\/\/www.e-recht24.de\/impressum- generator.html<\/p>\n","protected":false},"author":2,"featured_media":0,"parent":0,"menu_order":0,"comment_status":"closed","ping_status":"closed","template":"","meta":{"advanced_seo_description":"","jetpack_seo_html_title":"","jetpack_seo_noindex":false,"jetpack_post_was_ever_published":false,"footnotes":""},"class_list":["post-278","page","type-page","status-publish","hentry"],"jetpack_sharing_enabled":true,"jetpack_shortlink":"https:\/\/wp.me\/P8N8p9-4u","jetpack-related-posts":[{"id":276,"url":"https:\/\/www.kreativsuechtig.de\/wordpress\/datenschutz-disclaimer\/","url_meta":{"origin":278,"position":0},"title":"Datenschutz \/ Disclaimer","author":"Jenny","date":"14. Dezember 2014","format":false,"excerpt":"Datenschutzerkl\u00e4rung Diese Datenschutzerkl\u00e4rung kl\u00e4rt Sie \u00fcber die Art, den Umfang und Zweck der Verarbeitung von personenbezogenen Daten (nachfolgend kurz \u201eDaten\u201c) innerhalb unseres Onlineangebotes und der mit ihm verbundenen Webseiten, Funktionen und Inhalte sowie externen Onlinepr\u00e4senzen, wie z.B. unser Social Media Profile auf (nachfolgend gemeinsam bezeichnet als \u201eOnlineangebot\u201c). Im Hinblick auf\u2026","rel":"","context":"\u00c4hnlicher Beitrag","block_context":{"text":"\u00c4hnlicher Beitrag","link":""},"img":{"alt_text":"","src":"","width":0,"height":0},"classes":[]}],"_links":{"self":[{"href":"https:\/\/www.kreativsuechtig.de\/wordpress\/wp-json\/wp\/v2\/pages\/278","targetHints":{"allow":["GET"]}}],"collection":[{"href":"https:\/\/www.kreativsuechtig.de\/wordpress\/wp-json\/wp\/v2\/pages"}],"about":[{"href":"https:\/\/www.kreativsuechtig.de\/wordpress\/wp-json\/wp\/v2\/types\/page"}],"author":[{"embeddable":true,"href":"https:\/\/www.kreativsuechtig.de\/wordpress\/wp-json\/wp\/v2\/users\/2"}],"replies":[{"embeddable":true,"href":"https:\/\/www.kreativsuechtig.de\/wordpress\/wp-json\/wp\/v2\/comments?post=278"}],"version-history":[{"count":14,"href":"https:\/\/www.kreativsuechtig.de\/wordpress\/wp-json\/wp\/v2\/pages\/278\/revisions"}],"predecessor-version":[{"id":2006,"href":"https:\/\/www.kreativsuechtig.de\/wordpress\/wp-json\/wp\/v2\/pages\/278\/revisions\/2006"}],"wp:attachment":[{"href":"https:\/\/www.kreativsuechtig.de\/wordpress\/wp-json\/wp\/v2\/media?parent=278"}],"curies":[{"name":"wp","href":"https:\/\/api.w.org\/{rel}","templated":true}]}}