{"id":1706,"date":"2017-09-27T07:34:52","date_gmt":"2017-09-27T06:34:52","guid":{"rendered":"http:\/\/www.kreativsuechtig.de\/wordpress\/?page_id=1706"},"modified":"2023-07-01T19:08:43","modified_gmt":"2023-07-01T18:08:43","slug":"magazin","status":"publish","type":"page","link":"https:\/\/www.kreativsuechtig.de\/wordpress\/magazin\/","title":{"rendered":"Magazin"},"content":{"rendered":"<p>Machen macht gl\u00fccklich!<\/p>\n<p>Und zusammen macht Machen noch gl\u00fccklicher. Denn was gibt es Sch\u00f6neres, als gemeinsam mit tollen Menschen seiner Lieblingsbesch\u00e4ftigung nachzugehen? Wenn Ideen sich gegenseitig befl\u00fcgeln und die Zeit wie im Flug vergeht&#8230; so sollte es auch beim Lesen des Kreativs\u00fcchtig Magazins sein.<\/p>\n<p>Die erste Ausgabe ist nun schon ein paar Tage her. Im September 2017 habe ich zusammen mit <a href=\"https:\/\/piecesforhappiness.de\" target=\"_blank\" rel=\"noopener\">Julia<\/a> unseren Traum vom eigenen Heft Wirklichkeit werden lassen und r\u00fcckblickend betrachtet waren wir ganz sch\u00f6n verr\u00fcckt. Zum Gl\u00fcck! Dieses Projekt ist eine Herzensangelegenheit und die Entwicklung geh\u00f6rt dazu. Ich m\u00f6chte jedenfalls keinen Schritt davon missen.\u00a0Was wir uns zu Beginn bei der ganzen Sache so gedacht haben, <a href=\"https:\/\/www.kreativsuechtig.de\/wordpress\/einfachmachen-das-erste-kreativsuechtig-magazin\/\" target=\"_blank\" rel=\"noopener\">k\u00f6nnt Ihr auch hier nachlesen<\/a>.<\/p>\n<p>So gab es anfangs beispielsweise kein festes Kreativteam, weil ich so gerne immer wieder frischen Wind f\u00fcr die Inspirationsbeispiele wollte. In der Praxis hat sich das dann aber doch irgendwie als unpraktisch erwiesen und ein festes Team aus tollen Kreativk\u00f6pfen hat sich f\u00fcr das Projekt etabliert.<\/p>\n<p><img loading=\"lazy\" decoding=\"async\" data-attachment-id=\"5341\" data-permalink=\"https:\/\/www.kreativsuechtig.de\/wordpress\/magazin\/mag11-cover\/\" data-orig-file=\"https:\/\/www.kreativsuechtig.de\/wordpress\/wp-content\/uploads\/2023\/06\/Mag11-Cover-scaled.jpg\" data-orig-size=\"1810,2560\" data-comments-opened=\"1\" data-image-meta=\"{&quot;aperture&quot;:&quot;0&quot;,&quot;credit&quot;:&quot;&quot;,&quot;camera&quot;:&quot;&quot;,&quot;caption&quot;:&quot;&quot;,&quot;created_timestamp&quot;:&quot;0&quot;,&quot;copyright&quot;:&quot;&quot;,&quot;focal_length&quot;:&quot;0&quot;,&quot;iso&quot;:&quot;0&quot;,&quot;shutter_speed&quot;:&quot;0&quot;,&quot;title&quot;:&quot;&quot;,&quot;orientation&quot;:&quot;0&quot;}\" data-image-title=\"Mag11 Cover\" data-image-description=\"\" data-image-caption=\"\" data-medium-file=\"https:\/\/www.kreativsuechtig.de\/wordpress\/wp-content\/uploads\/2023\/06\/Mag11-Cover-283x400.jpg\" data-large-file=\"https:\/\/www.kreativsuechtig.de\/wordpress\/wp-content\/uploads\/2023\/06\/Mag11-Cover-495x700.jpg\" class=\"aligncenter size-large wp-image-5341\" src=\"https:\/\/www.kreativsuechtig.de\/wordpress\/wp-content\/uploads\/2023\/06\/Mag11-Cover-495x700.jpg\" alt=\"\" width=\"495\" height=\"700\" srcset=\"https:\/\/www.kreativsuechtig.de\/wordpress\/wp-content\/uploads\/2023\/06\/Mag11-Cover-495x700.jpg 495w, https:\/\/www.kreativsuechtig.de\/wordpress\/wp-content\/uploads\/2023\/06\/Mag11-Cover-scaled-600x849.jpg 600w, https:\/\/www.kreativsuechtig.de\/wordpress\/wp-content\/uploads\/2023\/06\/Mag11-Cover-283x400.jpg 283w, https:\/\/www.kreativsuechtig.de\/wordpress\/wp-content\/uploads\/2023\/06\/Mag11-Cover-768x1086.jpg 768w, https:\/\/www.kreativsuechtig.de\/wordpress\/wp-content\/uploads\/2023\/06\/Mag11-Cover-1086x1536.jpg 1086w, https:\/\/www.kreativsuechtig.de\/wordpress\/wp-content\/uploads\/2023\/06\/Mag11-Cover-1448x2048.jpg 1448w, https:\/\/www.kreativsuechtig.de\/wordpress\/wp-content\/uploads\/2023\/06\/Mag11-Cover-scaled.jpg 1810w\" sizes=\"auto, (max-width: 495px) 100vw, 495px\" \/><\/p>\n<p>Nach zehn Ausgaben, von denen ich jede einzelne so sehr gefeiert habe, war vorerst Schluss mit diesem Projekt. Zumindest in der bisherigen Form. Aktuell explodieren nicht nur die Papierpreise &#8211; ich muss sicherlich niemandem erkl\u00e4ren, da\u00df die Zeiten f\u00fcr so ein ein-Frau-Unternehmen nicht unbedingt ideal sind. Aber das soll jetzt hier kein Grund zum Beschweren sein, ganz im Gegenteil: Ich bin dankbar f\u00fcr diese tolle Reise, f\u00fcr die Begegnungen, die mir das Magazin beschert hat, f\u00fcr alles, was ich lernen durfte. Was f\u00fcr ein Geschenk!<\/p>\n<p>Und nat\u00fcrlich konnte ich auch nicht komplett die Finger von der Sache lassen. Anfangs habe ich das f\u00fcr mich ja kategorisch ausgeschlossen, aber irgendwann fand ich die Idee, das ganze als Online-Magazin zu machen doch ganz attraktiv. Tja, jetzt gibt es das Kreativs\u00fcchtig Magazin als eBook. Ich bin so happy, das die Magazin-Reise weiter geht und freue mich sehr, wenn Ihr weiter als Leser daran teilhabt!<\/p>\n<p><a href=\"https:\/\/www.kreativsuechtig.de\/wordpress\/kreativsuechtig-magazin-11\/\" target=\"_blank\" rel=\"noopener\">Was sich ab der 11. Ausgabe ge\u00e4ndert hat, k\u00f6nnt Ihr hier nachlesen.<\/a><\/p>\n<p>Wenn Ihr m\u00f6gt und noch nicht habt &#8211; das Magazin erhaltet Ihr ab sofort in meinem Shop:<\/p>\n<p><a href=\"https:\/\/kreativsuechtig.shop.copecart.com\" target=\"_blank\" rel=\"noopener\">*** ZUM MAGAZIN ***<\/a><\/p>\n<p><img loading=\"lazy\" decoding=\"async\" data-attachment-id=\"1307\" data-permalink=\"https:\/\/www.kreativsuechtig.de\/wordpress\/cidm-2017-goodiebag-giveaway\/mel-2\/\" data-orig-file=\"https:\/\/www.kreativsuechtig.de\/wordpress\/wp-content\/uploads\/2017\/05\/Mel.jpg\" data-orig-size=\"482,122\" data-comments-opened=\"1\" data-image-meta=\"{&quot;aperture&quot;:&quot;0&quot;,&quot;credit&quot;:&quot;&quot;,&quot;camera&quot;:&quot;&quot;,&quot;caption&quot;:&quot;&quot;,&quot;created_timestamp&quot;:&quot;0&quot;,&quot;copyright&quot;:&quot;&quot;,&quot;focal_length&quot;:&quot;0&quot;,&quot;iso&quot;:&quot;0&quot;,&quot;shutter_speed&quot;:&quot;0&quot;,&quot;title&quot;:&quot;&quot;,&quot;orientation&quot;:&quot;1&quot;}\" data-image-title=\"Mel\" data-image-description=\"\" data-image-caption=\"\" data-medium-file=\"https:\/\/www.kreativsuechtig.de\/wordpress\/wp-content\/uploads\/2017\/05\/Mel-400x101.jpg\" data-large-file=\"https:\/\/www.kreativsuechtig.de\/wordpress\/wp-content\/uploads\/2017\/05\/Mel.jpg\" class=\"aligncenter size-full wp-image-1307\" src=\"https:\/\/www.kreativsuechtig.de\/wordpress\/wp-content\/uploads\/2017\/05\/Mel.jpg\" alt=\"Kreativs\u00fcchtig\" width=\"482\" height=\"122\" srcset=\"https:\/\/www.kreativsuechtig.de\/wordpress\/wp-content\/uploads\/2017\/05\/Mel.jpg 482w, https:\/\/www.kreativsuechtig.de\/wordpress\/wp-content\/uploads\/2017\/05\/Mel-400x101.jpg 400w\" sizes=\"auto, (max-width: 482px) 100vw, 482px\" \/><\/p>\n","protected":false},"excerpt":{"rendered":"<p>Machen macht gl\u00fccklich! Und zusammen macht Machen noch gl\u00fccklicher. Denn was gibt es Sch\u00f6neres, als gemeinsam mit tollen Menschen seiner Lieblingsbesch\u00e4ftigung nachzugehen? Wenn Ideen sich gegenseitig befl\u00fcgeln und die Zeit wie im Flug vergeht&#8230; so sollte es auch beim Lesen des Kreativs\u00fcchtig Magazins sein. Die erste Ausgabe ist nun schon ein paar Tage her. Im [&hellip;]<\/p>\n","protected":false},"author":4,"featured_media":0,"parent":0,"menu_order":0,"comment_status":"closed","ping_status":"closed","template":"","meta":{"advanced_seo_description":"","jetpack_seo_html_title":"","jetpack_seo_noindex":false,"jetpack_post_was_ever_published":false,"footnotes":""},"class_list":["post-1706","page","type-page","status-publish","hentry"],"jetpack_sharing_enabled":true,"jetpack_shortlink":"https:\/\/wp.me\/P8N8p9-rw","jetpack-related-posts":[{"id":3216,"url":"https:\/\/www.kreativsuechtig.de\/wordpress\/cricut-liebe\/","url_meta":{"origin":1706,"position":0},"title":"Cricut-Liebe","author":"Mel","date":"27. Dezember 2020","format":false,"excerpt":"Werbung - aus \u00dcberzeugung Als ich 2006 (also neulich...) das erste Mal mitbekam, da\u00df es so etwas wie einen Hobbyplotter gibt - Plotter waren f\u00fcr mich vorher nur diese Unget\u00fcme, die irgendwelche riesengro\u00dfen Dinge wie technische Pl\u00e4ne und \u00c4hnliches malen konnten - hatte ich direkt Blut geleckt! Oh meine G\u00fcte,\u2026","rel":"","context":"\u00c4hnlicher Beitrag","block_context":{"text":"\u00c4hnlicher Beitrag","link":""},"img":{"alt_text":"Cricut Expression","src":"https:\/\/i0.wp.com\/www.kreativsuechtig.de\/wordpress\/wp-content\/uploads\/2020\/12\/MG_4767-700x467.jpg?resize=350%2C200&ssl=1","width":350,"height":200,"srcset":"https:\/\/i0.wp.com\/www.kreativsuechtig.de\/wordpress\/wp-content\/uploads\/2020\/12\/MG_4767-700x467.jpg?resize=350%2C200&ssl=1 1x, https:\/\/i0.wp.com\/www.kreativsuechtig.de\/wordpress\/wp-content\/uploads\/2020\/12\/MG_4767-700x467.jpg?resize=525%2C300&ssl=1 1.5x, https:\/\/i0.wp.com\/www.kreativsuechtig.de\/wordpress\/wp-content\/uploads\/2020\/12\/MG_4767-700x467.jpg?resize=700%2C400&ssl=1 2x"},"classes":[]},{"id":2413,"url":"https:\/\/www.kreativsuechtig.de\/wordpress\/cultfiles\/","url_meta":{"origin":1706,"position":1},"title":"Cut Files","author":"Mel","date":"2. Oktober 2019","format":false,"excerpt":"Hier findet Ihr eine Sammlung Cut Files zum Verscrappen und Spa\u00df haben zum Download for free. Und wenn Ihr Lust auf mehr habt, schaut doch auch mal im Shop vorbei - da findet Ihr coole deutschsprachige Spr\u00fcche f\u00fcr Eure Layouts! Und weil Machen ja zusammen noch viel mehr Spa\u00df macht,\u2026","rel":"","context":"\u00c4hnlicher Beitrag","block_context":{"text":"\u00c4hnlicher Beitrag","link":""},"img":{"alt_text":"Printables und Cutfiles free","src":"https:\/\/i0.wp.com\/www.kreativsuechtig.de\/wordpress\/wp-content\/uploads\/2019\/10\/Magazin_5_Freebies.jpg?resize=350%2C200&ssl=1","width":350,"height":200,"srcset":"https:\/\/i0.wp.com\/www.kreativsuechtig.de\/wordpress\/wp-content\/uploads\/2019\/10\/Magazin_5_Freebies.jpg?resize=350%2C200&ssl=1 1x, https:\/\/i0.wp.com\/www.kreativsuechtig.de\/wordpress\/wp-content\/uploads\/2019\/10\/Magazin_5_Freebies.jpg?resize=525%2C300&ssl=1 1.5x, https:\/\/i0.wp.com\/www.kreativsuechtig.de\/wordpress\/wp-content\/uploads\/2019\/10\/Magazin_5_Freebies.jpg?resize=700%2C400&ssl=1 2x, https:\/\/i0.wp.com\/www.kreativsuechtig.de\/wordpress\/wp-content\/uploads\/2019\/10\/Magazin_5_Freebies.jpg?resize=1050%2C600&ssl=1 3x, https:\/\/i0.wp.com\/www.kreativsuechtig.de\/wordpress\/wp-content\/uploads\/2019\/10\/Magazin_5_Freebies.jpg?resize=1400%2C800&ssl=1 4x"},"classes":[]},{"id":299,"url":"https:\/\/www.kreativsuechtig.de\/wordpress\/workshops-2\/","url_meta":{"origin":1706,"position":2},"title":"Workshops &#038; Termine","author":"Mel","date":"14. Dezember 2014","format":false,"excerpt":"* Die aktuellen Termine f\u00fcr Live-Workshops findet Ihr unten. * Onlineworkshops Minialben - f\u00fcr mich sind sie so viel mehr als nur kleine Fotob\u00fccher! Es sind kleine Kunstwerke, die die Geschichten unseres Lebens erz\u00e4hlen und nicht nur Platz f\u00fcr die gro\u00dfen Momente bieten, sondern die liebenswerten Kleinigkeiten, den Alltag und\u2026","rel":"","context":"\u00c4hnlicher Beitrag","block_context":{"text":"\u00c4hnlicher Beitrag","link":""},"img":{"alt_text":"","src":"https:\/\/i0.wp.com\/www.kreativsuechtig.de\/wordpress\/wp-content\/uploads\/2025\/12\/Workshops2026.png?resize=350%2C200&ssl=1","width":350,"height":200,"srcset":"https:\/\/i0.wp.com\/www.kreativsuechtig.de\/wordpress\/wp-content\/uploads\/2025\/12\/Workshops2026.png?resize=350%2C200&ssl=1 1x, https:\/\/i0.wp.com\/www.kreativsuechtig.de\/wordpress\/wp-content\/uploads\/2025\/12\/Workshops2026.png?resize=525%2C300&ssl=1 1.5x, https:\/\/i0.wp.com\/www.kreativsuechtig.de\/wordpress\/wp-content\/uploads\/2025\/12\/Workshops2026.png?resize=700%2C400&ssl=1 2x, https:\/\/i0.wp.com\/www.kreativsuechtig.de\/wordpress\/wp-content\/uploads\/2025\/12\/Workshops2026.png?resize=1050%2C600&ssl=1 3x"},"classes":[]},{"id":276,"url":"https:\/\/www.kreativsuechtig.de\/wordpress\/datenschutz-disclaimer\/","url_meta":{"origin":1706,"position":3},"title":"Datenschutz \/ Disclaimer","author":"Jenny","date":"14. Dezember 2014","format":false,"excerpt":"Datenschutzerkl\u00e4rung Diese Datenschutzerkl\u00e4rung kl\u00e4rt Sie \u00fcber die Art, den Umfang und Zweck der Verarbeitung von personenbezogenen Daten (nachfolgend kurz \u201eDaten\u201c) innerhalb unseres Onlineangebotes und der mit ihm verbundenen Webseiten, Funktionen und Inhalte sowie externen Onlinepr\u00e4senzen, wie z.B. unser Social Media Profile auf (nachfolgend gemeinsam bezeichnet als \u201eOnlineangebot\u201c). Im Hinblick auf\u2026","rel":"","context":"\u00c4hnlicher Beitrag","block_context":{"text":"\u00c4hnlicher Beitrag","link":""},"img":{"alt_text":"","src":"","width":0,"height":0},"classes":[]},{"id":5246,"url":"https:\/\/www.kreativsuechtig.de\/wordpress\/freebies\/","url_meta":{"origin":1706,"position":4},"title":"Freebies","author":"Mel","date":"21. M\u00e4rz 2023","format":false,"excerpt":"Hier findet Ihr die Downloads zum Magazin und ein paar Printables und Schnittmuster aus vergangenen Beitr\u00e4gen gesammelt an einer Stelle. Cutfiles findet Ihr auf einer eigenen Seite. Bitte beachtet, dass die Verwendung ausschlie\u00dflich f\u00fcr den privaten Gebrauch gestattet ist. <3 Da Google bei einigen \u00e4lteren Dateien die Zugriffsrechte ge\u00e4ndert hat,\u2026","rel":"","context":"\u00c4hnlicher Beitrag","block_context":{"text":"\u00c4hnlicher Beitrag","link":""},"img":{"alt_text":"","src":"","width":0,"height":0},"classes":[]},{"id":5943,"url":"https:\/\/www.kreativsuechtig.de\/wordpress\/shop\/","url_meta":{"origin":1706,"position":5},"title":"Shop","author":"Mel","date":"12. Juli 2024","format":false,"excerpt":"Onlineworkshops als Einzelkurse, Cut File Bundles zum Scrappen, das Magazin und nat\u00fcrlich auch die Kreativs\u00fcchtig Stempel findet Ihr in meinem Shop.","rel":"","context":"\u00c4hnlicher Beitrag","block_context":{"text":"\u00c4hnlicher Beitrag","link":""},"img":{"alt_text":"","src":"","width":0,"height":0},"classes":[]}],"_links":{"self":[{"href":"https:\/\/www.kreativsuechtig.de\/wordpress\/wp-json\/wp\/v2\/pages\/1706","targetHints":{"allow":["GET"]}}],"collection":[{"href":"https:\/\/www.kreativsuechtig.de\/wordpress\/wp-json\/wp\/v2\/pages"}],"about":[{"href":"https:\/\/www.kreativsuechtig.de\/wordpress\/wp-json\/wp\/v2\/types\/page"}],"author":[{"embeddable":true,"href":"https:\/\/www.kreativsuechtig.de\/wordpress\/wp-json\/wp\/v2\/users\/4"}],"replies":[{"embeddable":true,"href":"https:\/\/www.kreativsuechtig.de\/wordpress\/wp-json\/wp\/v2\/comments?post=1706"}],"version-history":[{"count":7,"href":"https:\/\/www.kreativsuechtig.de\/wordpress\/wp-json\/wp\/v2\/pages\/1706\/revisions"}],"predecessor-version":[{"id":5349,"href":"https:\/\/www.kreativsuechtig.de\/wordpress\/wp-json\/wp\/v2\/pages\/1706\/revisions\/5349"}],"wp:attachment":[{"href":"https:\/\/www.kreativsuechtig.de\/wordpress\/wp-json\/wp\/v2\/media?parent=1706"}],"curies":[{"name":"wp","href":"https:\/\/api.w.org\/{rel}","templated":true}]}}